{"id":6435,"date":"2024-11-11T12:38:04","date_gmt":"2024-11-11T11:38:04","guid":{"rendered":"https:\/\/sedanamedical.com\/enregistrement-de-sedasource\/"},"modified":"2025-01-02T14:50:37","modified_gmt":"2025-01-02T13:50:37","slug":"enregistrement-de-sedasource","status":"publish","type":"page","link":"https:\/\/sedanamedical.com\/fr\/enregistrement-de-sedasource\/","title":{"rendered":"Enregistrement de Sedasource"},"content":{"rendered":"<p>[et_pb_section fb_built=\u00a0\u00bb1&Prime; _builder_version=\u00a0\u00bb4.27.0&Prime; custom_padding=\u00a0\u00bb|20px||20px|false|true\u00a0\u00bb da_disable_devices=\u00a0\u00bboff|off|off\u00a0\u00bb global_colors_info=\u00a0\u00bb{}\u00a0\u00bb da_is_popup=\u00a0\u00bboff\u00a0\u00bb da_exit_intent=\u00a0\u00bboff\u00a0\u00bb da_has_close=\u00a0\u00bbon\u00a0\u00bb da_alt_close=\u00a0\u00bboff\u00a0\u00bb da_dark_close=\u00a0\u00bboff\u00a0\u00bb da_not_modal=\u00a0\u00bbon\u00a0\u00bb da_is_singular=\u00a0\u00bboff\u00a0\u00bb da_with_loader=\u00a0\u00bboff\u00a0\u00bb da_has_shadow=\u00a0\u00bbon\u00a0\u00bb][et_pb_row column_structure=\u00a0\u00bb1_2,1_2&Prime; _builder_version=\u00a0\u00bb4.27.0&Prime; background_size=\u00a0\u00bbinitial\u00a0\u00bb background_position=\u00a0\u00bbtop_left\u00a0\u00bb background_repeat=\u00a0\u00bbrepeat\u00a0\u00bb width=\u00a0\u00bb100%\u00a0\u00bb max_width=\u00a0\u00bb1296px\u00a0\u00bb global_colors_info=\u00a0\u00bb{}\u00a0\u00bb][et_pb_column type=\u00a0\u00bb1_2&Prime; _builder_version=\u00a0\u00bb4.16&Prime; custom_padding=\u00a0\u00bb|||\u00a0\u00bb global_colors_info=\u00a0\u00bb{}\u00a0\u00bb custom_padding__hover=\u00a0\u00bb|||\u00a0\u00bb][et_pb_heading title=\u00a0\u00bbSedasource\u2122\u00a0\u00bb _builder_version=\u00a0\u00bb4.27.0&Prime; _module_preset=\u00a0\u00bbdefault\u00a0\u00bb title_level=\u00a0\u00bbh2&Prime; title_font=\u00a0\u00bb&#8211;et_global_heading_font|||on|||||\u00a0\u00bb title_text_color=\u00a0\u00bb#009ee6&Prime; title_font_size=\u00a0\u00bb36px\u00a0\u00bb title_letter_spacing=\u00a0\u00bb0.05rem\u00a0\u00bb custom_margin=\u00a0\u00bb||||false|false\u00a0\u00bb custom_padding=\u00a0\u00bb||||false|false\u00a0\u00bb title_font_size_tablet=\u00a0\u00bb30px\u00a0\u00bb title_font_size_phone=\u00a0\u00bb24px\u00a0\u00bb title_font_size_last_edited=\u00a0\u00bbon|phone\u00a0\u00bb global_colors_info=\u00a0\u00bb{}\u00a0\u00bb][\/et_pb_heading][et_pb_text _builder_version=\u00a0\u00bb4.27.0&Prime; _module_preset=\u00a0\u00bbdefault\u00a0\u00bb text_font=\u00a0\u00bb&#8211;et_global_heading_font||||||||\u00a0\u00bb text_font_size=\u00a0\u00bb18px\u00a0\u00bb text_letter_spacing=\u00a0\u00bb0.05rem\u00a0\u00bb text_line_height=\u00a0\u00bb1.8em\u00a0\u00bb text_font_size_tablet=\u00a0\u00bb18px\u00a0\u00bb text_font_size_phone=\u00a0\u00bb16px\u00a0\u00bb text_font_size_last_edited=\u00a0\u00bbon|phone\u00a0\u00bb global_colors_info=\u00a0\u00bb{}\u00a0\u00bb]<\/p>\n<p>Bienvenue sur Sedasource &#8211; notre ressource en ligne pour les professionnels de la sant\u00e9 int\u00e9ress\u00e9s par la s\u00e9dation des patients en soins intensifs.<\/p>\n<p>Le contenu \u00e9tant r\u00e9serv\u00e9 aux professionnels de la sant\u00e9, l&rsquo;acc\u00e8s \u00e0 Sedasource n\u00e9cessite que vous vous inscriviez. Inscrivez-vous en remplissant le formulaire. <\/p>\n<p>En remplissant le formulaire d&rsquo;inscription, vous demandez l&rsquo;acc\u00e8s \u00e0 Sedasource. Nous collectons vos donn\u00e9es personnelles afin de g\u00e9rer votre inscription au portail et de vous fournir le service de portail scientifique. <\/p>\n<p><strong>Vous \u00eates d\u00e9j\u00e0 inscrit ? Connectez-vous ici. <\/strong><\/p>\n<p>[\/et_pb_text][et_pb_button button_url=\u00a0\u00bbhttps:\/\/sedanamedical.com\/fr\/connexion-a-sedasource\/\u00a0\u00bb button_text=\u00a0\u00bbConnectez-vous ici\u00a0\u00bb _builder_version=\u00a0\u00bb4.27.0&Prime; _module_preset=\u00a0\u00bbdefault\u00a0\u00bb custom_button=\u00a0\u00bbon\u00a0\u00bb button_text_size=\u00a0\u00bb16px\u00a0\u00bb button_text_color=\u00a0\u00bb#FFFFFF\u00a0\u00bb button_bg_color=\u00a0\u00bb#243b76&Prime; button_border_width=\u00a0\u00bb0px\u00a0\u00bb button_border_radius=\u00a0\u00bb11px\u00a0\u00bb button_font=\u00a0\u00bbSofia Pro Regular|||on|||||\u00a0\u00bb button_use_icon=\u00a0\u00bboff\u00a0\u00bb custom_padding=\u00a0\u00bb9px|28px|9px|28px|false|false\u00a0\u00bb button_bg_color_tablet=\u00a0\u00bb#243b76&Prime; button_bg_color_phone=\u00a0\u00bb#243b76&Prime; button_bg_color_last_edited=\u00a0\u00bbon|desktop\u00a0\u00bb button_letter_spacing_tablet=\u00a0\u00bb\u00a0\u00bb button_letter_spacing_phone=\u00a0\u00bb\u00a0\u00bb button_letter_spacing_last_edited=\u00a0\u00bbon|desktop\u00a0\u00bb box_shadow_style=\u00a0\u00bbpreset2&Prime; box_shadow_horizontal=\u00a0\u00bb0px\u00a0\u00bb box_shadow_vertical=\u00a0\u00bb13px\u00a0\u00bb box_shadow_blur=\u00a0\u00bb20px\u00a0\u00bb box_shadow_spread=\u00a0\u00bb-7px\u00a0\u00bb box_shadow_color=\u00a0\u00bb#6bc4e9&Prime; locked=\u00a0\u00bboff\u00a0\u00bb global_colors_info=\u00a0\u00bb{}\u00a0\u00bb button_bg_color__hover_enabled=\u00a0\u00bbon|hover\u00a0\u00bb button_bg_color__hover=\u00a0\u00bb#6bc4e9&Prime; button_bg_enable_color__hover=\u00a0\u00bbon\u00a0\u00bb button_letter_spacing__hover_enabled=\u00a0\u00bbon|hover\u00a0\u00bb button_letter_spacing__hover=\u00a0\u00bb1px\u00a0\u00bb][\/et_pb_button][\/et_pb_column][et_pb_column type=\u00a0\u00bb1_2&Prime; _builder_version=\u00a0\u00bb4.16&Prime; custom_padding=\u00a0\u00bb|||\u00a0\u00bb global_colors_info=\u00a0\u00bb{}\u00a0\u00bb custom_padding__hover=\u00a0\u00bb|||\u00a0\u00bb][et_pb_text module_class=\u00a0\u00bbregistrationFrm\u00a0\u00bb _builder_version=\u00a0\u00bb4.27.0&Prime; background_size=\u00a0\u00bbinitial\u00a0\u00bb background_position=\u00a0\u00bbtop_left\u00a0\u00bb background_repeat=\u00a0\u00bbrepeat\u00a0\u00bb global_colors_info=\u00a0\u00bb{}\u00a0\u00bb]<\/p>\n<div id=\"wpmem_reg\"><a id=\"register\"><\/a><form name=\"form\" method=\"post\" action=\"https:\/\/sedanamedical.com\/fr\/enregistrement-de-sedasource\/\" id=\"wpmem_register_form\" class=\"form\"><input type=\"hidden\" id=\"_wpmem_register_nonce\" name=\"_wpmem_register_nonce\" value=\"8ea7c13d13\" \/><input type=\"hidden\" name=\"_wp_http_referer\" value=\"\/fr\/wp-json\/wp\/v2\/pages\/6435\" \/><fieldset><legend>Registration<\/legend><label for=\"username\" class=\"text\">Choisissez un Nom d\u2019utilisateur<span class=\"req\">*<\/span><\/label><div class=\"div_text\"><input name=\"username\" type=\"text\" id=\"username\" value=\"\" class=\"textbox\" placeholder=\"Nom d\u2019utilisateur\" required  \/><\/div><label for=\"full_name\" class=\"text\">Full Name<span class=\"req\">*<\/span><\/label><div class=\"div_text\"><input name=\"full_name\" type=\"text\" id=\"full_name\" value=\"\" class=\"textbox\" placeholder=\"Full Name\" title=\"full_name\" required  \/><\/div><label for=\"user_email\" class=\"text\">Courriel<span class=\"req\">*<\/span><\/label><div class=\"div_text\"><input name=\"user_email\" type=\"email\" id=\"user_email\" value=\"\" class=\"textbox\" placeholder=\"Courriel\" required  \/><\/div><label for=\"Profession\" class=\"select\">Profession<span class=\"req\">*<\/span><\/label><div class=\"div_select\"><select name=\"Profession\" id=\"Profession\" class=\"dropdown\" required ><option value=\"profession\">Profession<\/option><option value=\"physician_doctor\">Physician\/Doctor<\/option><option value=\"nurse_assistant\">Nurse\/Nurse assistant<\/option><option value=\"respiratory_therapist\">Respiratory therapist<\/option><option value=\"pharmacist\">Pharmacist<\/option><option value=\"other_hcp\">Other HCP<\/option><option value=\"\"><\/option><\/select><\/div><label for=\"Workplace\" class=\"text\">Workplace<span class=\"req\">*<\/span><\/label><div class=\"div_text\"><input name=\"Workplace\" type=\"text\" id=\"Workplace\" value=\"\" class=\"textbox\" placeholder=\"Workplace\" required  \/><\/div><label for=\"billing_city\" class=\"text\">Ville<span class=\"req\">*<\/span><\/label><div class=\"div_text\"><input name=\"billing_city\" type=\"text\" id=\"billing_city\" value=\"\" class=\"textbox\" placeholder=\"Ville\" required  \/><\/div><label for=\"billing_country\" class=\"text\">Pays<span class=\"req\">*<\/span><\/label><div class=\"div_text\"><input name=\"billing_country\" type=\"text\" id=\"billing_country\" value=\"\" class=\"textbox\" placeholder=\"Pays\" required  \/><\/div><label for=\"password\" class=\"text\">Mot de passe<span class=\"req\">*<\/span><\/label><div class=\"div_text\"><input name=\"password\" type=\"password\" id=\"password\" class=\"textbox\" placeholder=\"Mot de passe\" required  \/><\/div><label for=\"confirm_password\" class=\"text\">Confirmer le mot de passe<span class=\"req\">*<\/span><\/label><div class=\"div_text\"><input name=\"confirm_password\" type=\"password\" id=\"confirm_password\" class=\"textbox\" placeholder=\"Confirmer le mot de passe\" required  \/><\/div><div class=\"div_checkbox\"><input name=\"certify\" type=\"checkbox\" id=\"certify\" value=\"I certify that I am a Healthcare Professional (HCP) and acknowledge the Privacy Notice for Sedasource.\" required  \/> <label for=\"certify\"><label for=\"certify\" class=\"checkbox\">I certify that I am a Healthcare Professional (HCP) and acknowledge the Privacy Notice for Sedasource.<span class=\"req\">*<\/span><\/label><\/label><\/div><div class=\"div_checkbox\"><input name=\"join_community\" type=\"checkbox\" id=\"join_community\" value=\"joined\" \/> <label for=\"join_community\"><label for=\"join_community\" class=\"checkbox\">Yes, sign me up<\/label><\/label><\/div><input name=\"a\" type=\"hidden\" value=\"register\" \/><input name=\"wpmem_reg_page\" type=\"hidden\" value=\"https:\/\/sedanamedical.com\/fr\/enregistrement-de-sedasource\/\" \/><div class=\"button_div\"><input name=\"submit\" type=\"submit\" value=\"S\u2019inscrire\" class=\"buttons\" \/><\/div><div class=\"req-text\"><span class=\"req\">*<\/span>Champ requis<\/div><\/fieldset><\/form><\/div>\n<p>[\/et_pb_text][\/et_pb_column][\/et_pb_row][et_pb_row use_custom_gutter=\u00a0\u00bbon\u00a0\u00bb gutter_width=\u00a0\u00bb2&Prime; custom_padding_last_edited=\u00a0\u00bbon|desktop\u00a0\u00bb _builder_version=\u00a0\u00bb4.27.0&Prime; _module_preset=\u00a0\u00bbdefault\u00a0\u00bb width=\u00a0\u00bb100%\u00a0\u00bb width_tablet=\u00a0\u00bb100%\u00a0\u00bb width_phone=\u00a0\u00bb100%\u00a0\u00bb width_last_edited=\u00a0\u00bbon|phone\u00a0\u00bb max_width=\u00a0\u00bb1296px\u00a0\u00bb custom_padding=\u00a0\u00bb80px||0px||false|true\u00a0\u00bb custom_padding_tablet=\u00a0\u00bb60px||||false|false\u00a0\u00bb custom_padding_phone=\u00a0\u00bb60px||||false|false\u00a0\u00bb module_alignment_tablet=\u00a0\u00bb\u00a0\u00bb module_alignment_phone=\u00a0\u00bbcenter\u00a0\u00bb module_alignment_last_edited=\u00a0\u00bbon|phone\u00a0\u00bb global_colors_info=\u00a0\u00bb{}\u00a0\u00bb][et_pb_column type=\u00a0\u00bb4_4&Prime; _builder_version=\u00a0\u00bb4.27.0&Prime; _module_preset=\u00a0\u00bbdefault\u00a0\u00bb global_colors_info=\u00a0\u00bb{}\u00a0\u00bb][et_pb_text _builder_version=\u00a0\u00bb4.27.0&Prime; _module_preset=\u00a0\u00bbdefault\u00a0\u00bb text_font=\u00a0\u00bb&#8211;et_global_heading_font||||||||\u00a0\u00bb text_letter_spacing=\u00a0\u00bb0.03rem\u00a0\u00bb text_line_height=\u00a0\u00bb27px\u00a0\u00bb hover_enabled=\u00a0\u00bb0&Prime; text_font_size_tablet=\u00a0\u00bb\u00a0\u00bb text_font_size_phone=\u00a0\u00bb\u00a0\u00bb text_font_size_last_edited=\u00a0\u00bbon|desktop\u00a0\u00bb text_letter_spacing_tablet=\u00a0\u00bb0.03rem\u00a0\u00bb text_letter_spacing_phone=\u00a0\u00bb0.03rem\u00a0\u00bb text_letter_spacing_last_edited=\u00a0\u00bbon|desktop\u00a0\u00bb text_line_height_tablet=\u00a0\u00bb\u00a0\u00bb text_line_height_phone=\u00a0\u00bb\u00a0\u00bb text_line_height_last_edited=\u00a0\u00bbon|desktop\u00a0\u00bb global_colors_info=\u00a0\u00bb{}\u00a0\u00bb sticky_enabled=\u00a0\u00bb0&Prime;]<\/p>\n<p><strong>Avis de confidentialit\u00e9<\/strong><br \/>En remplissant le formulaire d&rsquo;inscription, vous aurez acc\u00e8s \u00e0 Sedasource, un portail et une ressource scientifique en ligne fournis par Sedana Medical AB (publ) (\u00ab\u00a0Sedana Medical\u00a0\u00bb). Nous collectons vos donn\u00e9es personnelles pour fournir le service. La base juridique du traitement des donn\u00e9es personnelles lors de la fourniture de ce service, y compris l&rsquo;acc\u00e8s au syst\u00e8me, est l&rsquo;ex\u00e9cution d&rsquo;un contrat. Lorsque vous remplissez le formulaire d&rsquo;inscription, vos donn\u00e9es personnelles sont partag\u00e9es avec des fournisseurs tiers tels qu&rsquo;Apptech AB, notre fournisseur de services web. Ces informations personnelles seront trait\u00e9es uniquement dans le but de traiter votre inscription. Outre le service de portail, nous pouvons vous envoyer d&rsquo;autres informations similaires que nous jugeons pertinentes pour vous. Ces informations sont partag\u00e9es avec vous sur la base de notre int\u00e9r\u00eat l\u00e9gitime et vous pouvez \u00e0 tout moment vous y opposer en suivant les instructions incluses dans le message ou en nous contactant.      <\/p>\n<p>Les donn\u00e9es personnelles que nous recueillons sont des coordonn\u00e9es telles que votre nom, votre profession, votre adresse \u00e9lectronique et votre lieu de travail. Nous conservons les donn\u00e9es personnelles fournies lors de l&rsquo;enregistrement aussi longtemps que vous participez au service. Toutes les donn\u00e9es personnelles, y compris l&rsquo;acc\u00e8s au syst\u00e8me, seront supprim\u00e9es au bout de cinq (5) ans \u00e0 compter du dernier point d&rsquo;acc\u00e8s au syst\u00e8me. Toutefois, vous pouvez choisir de mettre fin au service \u00e0 tout moment en nous contactant, apr\u00e8s quoi nous effacerons vos donn\u00e9es personnelles dans un d\u00e9lai de 30 jours.   <\/p>\n<p>Des informations plus d\u00e9taill\u00e9es sur la mani\u00e8re dont Sedana Medical traite vos donn\u00e9es personnelles, y compris une description de vos droits en mati\u00e8re de protection des donn\u00e9es ainsi que les coordonn\u00e9es pour nous contacter, sont disponibles dans notre <a href=\"https:\/\/sedanamedical.com\/fr\/gouvernance-dentreprise\/politique-de-confidentialite\/\">politique de confidentialit\u00e9.<\/a><\/p>\n<p>[\/et_pb_text][\/et_pb_column][\/et_pb_row][\/et_pb_section]<\/p>\n","protected":false},"excerpt":{"rendered":"<p>Bienvenue sur Sedasource &#8211; notre ressource en ligne pour les professionnels de la sant\u00e9 int\u00e9ress\u00e9s par la s\u00e9dation des patients en soins intensifs. Le contenu \u00e9tant r\u00e9serv\u00e9 aux professionnels de la sant\u00e9, l&rsquo;acc\u00e8s \u00e0 Sedasource n\u00e9cessite que vous vous inscriviez. Inscrivez-vous en remplissant le formulaire. En remplissant le formulaire d&rsquo;inscription, vous demandez l&rsquo;acc\u00e8s \u00e0 Sedasource. [&hellip;]<\/p>\n","protected":false},"author":249802924,"featured_media":0,"parent":0,"menu_order":0,"comment_status":"closed","ping_status":"closed","template":"","meta":{"_acf_changed":false,"_et_pb_use_builder":"on","_et_pb_old_content":"","_et_gb_content_width":"","_crdt_document":"","footnotes":""},"dipi_cpt_category":[],"class_list":["post-6435","page","type-page","status-publish","hentry"],"acf":[],"yoast_head":"<!-- This site is optimized with the Yoast SEO plugin v27.4 - https:\/\/yoast.com\/product\/yoast-seo-wordpress\/ -->\n<title>Enregistrement de Sedasource - Sedana Medical<\/title>\n<meta name=\"robots\" content=\"index, follow, max-snippet:-1, max-image-preview:large, max-video-preview:-1\" \/>\n<link rel=\"canonical\" href=\"https:\/\/sedanamedical.com\/fr\/enregistrement-de-sedasource\/\" \/>\n<meta property=\"og:locale\" content=\"fr_FR\" \/>\n<meta property=\"og:type\" content=\"article\" \/>\n<meta property=\"og:title\" content=\"Enregistrement de Sedasource - Sedana Medical\" \/>\n<meta property=\"og:description\" content=\"Bienvenue sur Sedasource - notre ressource en ligne pour les professionnels de la sant\u00e9 int\u00e9ress\u00e9s par la s\u00e9dation des patients en soins intensifs. Le contenu \u00e9tant r\u00e9serv\u00e9 aux professionnels de la sant\u00e9, l&#039;acc\u00e8s \u00e0 Sedasource n\u00e9cessite que vous vous inscriviez. Inscrivez-vous en remplissant le formulaire. En remplissant le formulaire d&#039;inscription, vous demandez l&#039;acc\u00e8s \u00e0 Sedasource. [&hellip;]\" \/>\n<meta property=\"og:url\" content=\"https:\/\/sedanamedical.com\/fr\/enregistrement-de-sedasource\/\" \/>\n<meta property=\"og:site_name\" content=\"Sedana Medical\" \/>\n<meta property=\"article:modified_time\" content=\"2025-01-02T13:50:37+00:00\" \/>\n<meta name=\"twitter:card\" content=\"summary_large_image\" \/>\n<meta name=\"twitter:label1\" content=\"Dur\u00e9e de lecture estim\u00e9e\" \/>\n\t<meta name=\"twitter:data1\" content=\"5 minutes\" \/>\n<script type=\"application\/ld+json\" class=\"yoast-schema-graph\">{\"@context\":\"https:\\\/\\\/schema.org\",\"@graph\":[{\"@type\":\"WebPage\",\"@id\":\"https:\\\/\\\/sedanamedical.com\\\/fr\\\/enregistrement-de-sedasource\\\/\",\"url\":\"https:\\\/\\\/sedanamedical.com\\\/fr\\\/enregistrement-de-sedasource\\\/\",\"name\":\"Enregistrement de Sedasource - Sedana Medical\",\"isPartOf\":{\"@id\":\"https:\\\/\\\/sedanamedical.com\\\/#website\"},\"datePublished\":\"2024-11-11T11:38:04+00:00\",\"dateModified\":\"2025-01-02T13:50:37+00:00\",\"breadcrumb\":{\"@id\":\"https:\\\/\\\/sedanamedical.com\\\/fr\\\/enregistrement-de-sedasource\\\/#breadcrumb\"},\"inLanguage\":\"fr-FR\",\"potentialAction\":[{\"@type\":\"ReadAction\",\"target\":[\"https:\\\/\\\/sedanamedical.com\\\/fr\\\/enregistrement-de-sedasource\\\/\"]}]},{\"@type\":\"BreadcrumbList\",\"@id\":\"https:\\\/\\\/sedanamedical.com\\\/fr\\\/enregistrement-de-sedasource\\\/#breadcrumb\",\"itemListElement\":[{\"@type\":\"ListItem\",\"position\":1,\"name\":\"Home\",\"item\":\"https:\\\/\\\/sedanamedical.com\\\/fr\\\/accueil\\\/\"},{\"@type\":\"ListItem\",\"position\":2,\"name\":\"Enregistrement de Sedasource\"}]},{\"@type\":\"WebSite\",\"@id\":\"https:\\\/\\\/sedanamedical.com\\\/#website\",\"url\":\"https:\\\/\\\/sedanamedical.com\\\/\",\"name\":\"Sedana Medical\",\"description\":\"Inhaled Sedation\",\"potentialAction\":[{\"@type\":\"SearchAction\",\"target\":{\"@type\":\"EntryPoint\",\"urlTemplate\":\"https:\\\/\\\/sedanamedical.com\\\/?s={search_term_string}\"},\"query-input\":{\"@type\":\"PropertyValueSpecification\",\"valueRequired\":true,\"valueName\":\"search_term_string\"}}],\"inLanguage\":\"fr-FR\"}]}<\/script>\n<!-- \/ Yoast SEO plugin. -->","yoast_head_json":{"title":"Enregistrement de Sedasource - Sedana Medical","robots":{"index":"index","follow":"follow","max-snippet":"max-snippet:-1","max-image-preview":"max-image-preview:large","max-video-preview":"max-video-preview:-1"},"canonical":"https:\/\/sedanamedical.com\/fr\/enregistrement-de-sedasource\/","og_locale":"fr_FR","og_type":"article","og_title":"Enregistrement de Sedasource - Sedana Medical","og_description":"Bienvenue sur Sedasource - notre ressource en ligne pour les professionnels de la sant\u00e9 int\u00e9ress\u00e9s par la s\u00e9dation des patients en soins intensifs. Le contenu \u00e9tant r\u00e9serv\u00e9 aux professionnels de la sant\u00e9, l'acc\u00e8s \u00e0 Sedasource n\u00e9cessite que vous vous inscriviez. Inscrivez-vous en remplissant le formulaire. En remplissant le formulaire d'inscription, vous demandez l'acc\u00e8s \u00e0 Sedasource. [&hellip;]","og_url":"https:\/\/sedanamedical.com\/fr\/enregistrement-de-sedasource\/","og_site_name":"Sedana Medical","article_modified_time":"2025-01-02T13:50:37+00:00","twitter_card":"summary_large_image","twitter_misc":{"Dur\u00e9e de lecture estim\u00e9e":"5 minutes"},"schema":{"@context":"https:\/\/schema.org","@graph":[{"@type":"WebPage","@id":"https:\/\/sedanamedical.com\/fr\/enregistrement-de-sedasource\/","url":"https:\/\/sedanamedical.com\/fr\/enregistrement-de-sedasource\/","name":"Enregistrement de Sedasource - Sedana Medical","isPartOf":{"@id":"https:\/\/sedanamedical.com\/#website"},"datePublished":"2024-11-11T11:38:04+00:00","dateModified":"2025-01-02T13:50:37+00:00","breadcrumb":{"@id":"https:\/\/sedanamedical.com\/fr\/enregistrement-de-sedasource\/#breadcrumb"},"inLanguage":"fr-FR","potentialAction":[{"@type":"ReadAction","target":["https:\/\/sedanamedical.com\/fr\/enregistrement-de-sedasource\/"]}]},{"@type":"BreadcrumbList","@id":"https:\/\/sedanamedical.com\/fr\/enregistrement-de-sedasource\/#breadcrumb","itemListElement":[{"@type":"ListItem","position":1,"name":"Home","item":"https:\/\/sedanamedical.com\/fr\/accueil\/"},{"@type":"ListItem","position":2,"name":"Enregistrement de Sedasource"}]},{"@type":"WebSite","@id":"https:\/\/sedanamedical.com\/#website","url":"https:\/\/sedanamedical.com\/","name":"Sedana Medical","description":"Inhaled Sedation","potentialAction":[{"@type":"SearchAction","target":{"@type":"EntryPoint","urlTemplate":"https:\/\/sedanamedical.com\/?s={search_term_string}"},"query-input":{"@type":"PropertyValueSpecification","valueRequired":true,"valueName":"search_term_string"}}],"inLanguage":"fr-FR"}]}},"jetpack_likes_enabled":true,"jetpack_shortlink":"https:\/\/wp.me\/PfIDHR-1FN","jetpack-related-posts":[],"jetpack_sharing_enabled":true,"_links":{"self":[{"href":"https:\/\/sedanamedical.com\/fr\/wp-json\/wp\/v2\/pages\/6435","targetHints":{"allow":["GET"]}}],"collection":[{"href":"https:\/\/sedanamedical.com\/fr\/wp-json\/wp\/v2\/pages"}],"about":[{"href":"https:\/\/sedanamedical.com\/fr\/wp-json\/wp\/v2\/types\/page"}],"author":[{"embeddable":true,"href":"https:\/\/sedanamedical.com\/fr\/wp-json\/wp\/v2\/users\/249802924"}],"replies":[{"embeddable":true,"href":"https:\/\/sedanamedical.com\/fr\/wp-json\/wp\/v2\/comments?post=6435"}],"version-history":[{"count":5,"href":"https:\/\/sedanamedical.com\/fr\/wp-json\/wp\/v2\/pages\/6435\/revisions"}],"predecessor-version":[{"id":10846,"href":"https:\/\/sedanamedical.com\/fr\/wp-json\/wp\/v2\/pages\/6435\/revisions\/10846"}],"wp:attachment":[{"href":"https:\/\/sedanamedical.com\/fr\/wp-json\/wp\/v2\/media?parent=6435"}],"wp:term":[{"taxonomy":"dipi_cpt_category","embeddable":true,"href":"https:\/\/sedanamedical.com\/fr\/wp-json\/wp\/v2\/dipi_cpt_category?post=6435"}],"curies":[{"name":"wp","href":"https:\/\/api.w.org\/{rel}","templated":true}]}}