{"id":5879,"date":"2024-11-28T07:03:35","date_gmt":"2024-11-28T06:03:35","guid":{"rendered":"https:\/\/sedanamedical.com\/equipo-de-monitorizacion-de-gases\/"},"modified":"2024-12-10T15:09:16","modified_gmt":"2024-12-10T14:09:16","slug":"equipo-de-monitorizacion-de-gases","status":"publish","type":"page","link":"https:\/\/sedanamedical.com\/es\/equipo-de-monitorizacion-de-gases\/","title":{"rendered":"Equipo de monitorizaci\u00f3n de gases"},"content":{"rendered":"<p>[et_pb_section fb_built=\u00bb1&#8243; custom_padding_last_edited=\u00bbon|desktop\u00bb admin_label=\u00bbHero Section\u00bb module_class=\u00bbhero-section\u00bb _builder_version=\u00bb4.27.0&#8243; _module_preset=\u00bbdefault\u00bb background_color=\u00bb#002145&#8243; background_image=\u00bbhttps:\/\/sedanamedical.com\/wp-content\/uploads\/2024\/11\/Bedside_v3_Highres.jpg\u00bb background_blend=\u00bbsoft-light\u00bb custom_padding=\u00bb120px|20px|120px|20px|false|true\u00bb custom_padding_tablet=\u00bb120px|20px|120px|20px|false|true\u00bb custom_padding_phone=\u00bb80px||80px||true|true\u00bb da_disable_devices=\u00bboff|off|off\u00bb locked=\u00bboff\u00bb collapsed=\u00bboff\u00bb global_colors_info=\u00bb{}\u00bb da_is_popup=\u00bboff\u00bb da_exit_intent=\u00bboff\u00bb da_has_close=\u00bbon\u00bb da_alt_close=\u00bboff\u00bb da_dark_close=\u00bboff\u00bb da_not_modal=\u00bbon\u00bb da_is_singular=\u00bboff\u00bb da_with_loader=\u00bboff\u00bb da_has_shadow=\u00bbon\u00bb][et_pb_row _builder_version=\u00bb4.27.0&#8243; _module_preset=\u00bbdefault\u00bb width=\u00bb100%\u00bb width_tablet=\u00bb100%\u00bb width_phone=\u00bb100%\u00bb width_last_edited=\u00bbon|desktop\u00bb max_width=\u00bb1296px\u00bb max_width_tablet=\u00bb100%\u00bb max_width_phone=\u00bb100%\u00bb max_width_last_edited=\u00bbon|desktop\u00bb custom_padding=\u00bb0px||0px|||\u00bb collapsed=\u00bboff\u00bb global_colors_info=\u00bb{}\u00bb][et_pb_column type=\u00bb4_4&#8243; _builder_version=\u00bb4.27.0&#8243; _module_preset=\u00bbdefault\u00bb custom_padding=\u00bb||||false|false\u00bb global_colors_info=\u00bb{}\u00bb][et_pb_text _builder_version=\u00bb4.27.0&#8243; _module_preset=\u00bbdefault\u00bb text_font=\u00bbSofia Pro Light|300||on|||||\u00bb text_text_color=\u00bb#6bc4e9&#8243; text_font_size=\u00bb20px\u00bb text_line_height=\u00bb30px\u00bb text_orientation=\u00bbcenter\u00bb max_width=\u00bb70%\u00bb max_width_tablet=\u00bb100%\u00bb max_width_phone=\u00bb100%\u00bb max_width_last_edited=\u00bbon|phone\u00bb module_alignment=\u00bbcenter\u00bb custom_margin=\u00bb||15px||false|false\u00bb text_font_size_tablet=\u00bb18px\u00bb text_font_size_phone=\u00bb16px\u00bb text_font_size_last_edited=\u00bbon|desktop\u00bb text_line_height_tablet=\u00bb28px\u00bb text_line_height_phone=\u00bb28px\u00bb text_line_height_last_edited=\u00bbon|tablet\u00bb global_colors_info=\u00bb{}\u00bb]<\/p>\n<p>Mejorar la vida durante y despu\u00e9s de la sedaci\u00f3n<\/p>\n<p>[\/et_pb_text][et_pb_heading title=\u00bbEquipo de monitorizaci\u00f3n de gases\u00bb admin_label=\u00bbHeading\u00bb _builder_version=\u00bb4.27.0&#8243; _module_preset=\u00bbdefault\u00bb title_font=\u00bbSofia Pro Regular|600||on|||||\u00bb title_text_align=\u00bbcenter\u00bb title_font_size=\u00bb60px\u00bb title_line_height=\u00bb70px\u00bb custom_margin=\u00bb||10px||false|false\u00bb title_font_size_tablet=\u00bb40px\u00bb title_font_size_phone=\u00bb36px\u00bb title_font_size_last_edited=\u00bbon|desktop\u00bb title_line_height_tablet=\u00bb50px\u00bb title_line_height_phone=\u00bb46px\u00bb title_line_height_last_edited=\u00bbon|desktop\u00bb global_colors_info=\u00bb{}\u00bb][\/et_pb_heading][et_pb_icon font_icon=\u00bb&#x22;||divi||400&#8243; icon_color=\u00bb#ffffff\u00bb icon_width=\u00bb30px\u00bb _builder_version=\u00bb4.27.0&#8243; _module_preset=\u00bbdefault\u00bb animation_style=\u00bbslide\u00bb animation_direction=\u00bbtop\u00bb animation_repeat=\u00bbloop\u00bb global_colors_info=\u00bb{}\u00bb][\/et_pb_icon][\/et_pb_column][\/et_pb_row][\/et_pb_section][et_pb_section fb_built=\u00bb1&#8243; custom_padding_last_edited=\u00bbon|desktop\u00bb _builder_version=\u00bb4.27.0&#8243; _module_preset=\u00bbdefault\u00bb background_color=\u00bb#f8f8f8&#8243; background_enable_image=\u00bboff\u00bb background_blend=\u00bbluminosity\u00bb custom_padding=\u00bb100px|20px|100px|20px|true|true\u00bb custom_padding_tablet=\u00bb70px||70px||true|false\u00bb custom_padding_phone=\u00bb50px||20px||false|false\u00bb da_disable_devices=\u00bboff|off|off\u00bb global_colors_info=\u00bb{}\u00bb da_is_popup=\u00bboff\u00bb da_exit_intent=\u00bboff\u00bb da_has_close=\u00bbon\u00bb da_alt_close=\u00bboff\u00bb da_dark_close=\u00bboff\u00bb da_not_modal=\u00bbon\u00bb da_is_singular=\u00bboff\u00bb da_with_loader=\u00bboff\u00bb da_has_shadow=\u00bbon\u00bb][et_pb_row column_structure=\u00bb1_2,1_2&#8243; _builder_version=\u00bb4.27.0&#8243; _module_preset=\u00bbdefault\u00bb width=\u00bb100%\u00bb max_width=\u00bb1296px\u00bb custom_padding=\u00bb0px||||false|false\u00bb global_colors_info=\u00bb{}\u00bb][et_pb_column type=\u00bb1_2&#8243; _builder_version=\u00bb4.27.0&#8243; _module_preset=\u00bbdefault\u00bb custom_padding=\u00bb20px|20px|20px|20px|false|false\u00bb border_radii=\u00bbon|4px|4px|4px|4px\u00bb border_width_all=\u00bb1px\u00bb border_color_all=\u00bbrgba(102,102,102,0.18)\u00bb global_colors_info=\u00bb{}\u00bb][et_pb_image src=\u00bbhttps:\/\/sedanamedical.com\/wp-content\/uploads\/2024\/11\/amg06_sedaconda-acds.png\u00bb alt=\u00bbsedaconda\u00bb title_text=\u00bbamg06_sedaconda-acds\u00bb _builder_version=\u00bb4.27.0&#8243; _module_preset=\u00bbdefault\u00bb module_alignment=\u00bbcenter\u00bb custom_padding=\u00bb||||false|false\u00bb border_radii=\u00bbon|4px|4px|4px|4px\u00bb border_width_all=\u00bb1px\u00bb border_color_all=\u00bb#000000&#8243; border_style_all=\u00bbnone\u00bb global_colors_info=\u00bb{}\u00bb][\/et_pb_image][\/et_pb_column][et_pb_column type=\u00bb1_2&#8243; _builder_version=\u00bb4.27.0&#8243; _module_preset=\u00bbdefault\u00bb global_colors_info=\u00bb{}\u00bb][et_pb_heading title=\u00bbEquipo de monitorizaci\u00f3n de gases\u00bb _builder_version=\u00bb4.27.0&#8243; _module_preset=\u00bbdefault\u00bb title_level=\u00bbh2&#8243; title_font=\u00bb&#8211;et_global_heading_font|||on|||||\u00bb title_text_color=\u00bb#009ee6&#8243; title_font_size=\u00bb36px\u00bb title_letter_spacing=\u00bb0.05rem\u00bb title_line_height=\u00bb1.4em\u00bb title_font_size_tablet=\u00bb30px\u00bb title_font_size_phone=\u00bb26px\u00bb title_font_size_last_edited=\u00bbon|desktop\u00bb global_colors_info=\u00bb{}\u00bb][\/et_pb_heading][et_pb_text _builder_version=\u00bb4.27.0&#8243; _module_preset=\u00bbdefault\u00bb text_font=\u00bb&#8211;et_global_heading_font||||||||\u00bb text_text_color=\u00bbgcid-body-color\u00bb text_font_size=\u00bb22px\u00bb text_letter_spacing=\u00bb0.05rem\u00bb text_line_height=\u00bb1.8em\u00bb hover_enabled=\u00bb0&#8243; global_colors_info=\u00bb{%22gcid-body-color%22:%91%22text_text_color%22%93}\u00bb text_font_size_last_edited=\u00bbon|phone\u00bb sticky_enabled=\u00bb0&#8243; text_font_size_tablet=\u00bb18px\u00bb text_font_size_phone=\u00bb16px\u00bb]<\/p>\n<p>El monitor de gases AMG-06 est\u00e1 dise\u00f1ado para la monitorizaci\u00f3n continua y no invasiva de la concentraci\u00f3n de CO2 y anest\u00e9sicos en los gases inspirados y espirados.<\/p>\n<p>[\/et_pb_text][\/et_pb_column][\/et_pb_row][et_pb_row column_structure=\u00bb1_2,1_2&#8243; use_custom_gutter=\u00bbon\u00bb gutter_width=\u00bb2&#8243; _builder_version=\u00bb4.27.0&#8243; _module_preset=\u00bbdefault\u00bb width=\u00bb100%\u00bb max_width=\u00bb1296px\u00bb custom_padding=\u00bb40px||0px||false|false\u00bb hover_enabled=\u00bb0&#8243; global_colors_info=\u00bb{}\u00bb sticky_enabled=\u00bb0&#8243; custom_padding_last_edited=\u00bbon|phone\u00bb custom_padding_tablet=\u00bb20px||0px||false|false\u00bb custom_padding_phone=\u00bb10px||||false|false\u00bb][et_pb_column type=\u00bb1_2&#8243; _builder_version=\u00bb4.27.0&#8243; _module_preset=\u00bbdefault\u00bb background_color=\u00bb#FFFFFF\u00bb custom_padding=\u00bb30px|30px|30px|30px|false|false\u00bb border_radii=\u00bbon|6px|6px|6px|6px\u00bb global_colors_info=\u00bb{}\u00bb background__hover_enabled=\u00bbon|hover\u00bb background_color__hover=\u00bb#FFFFFF\u00bb background_enable_color__hover=\u00bbon\u00bb][et_pb_blurb title=\u00bbMonitor de gas AMG-06&#8243; url=\u00bb@ET-DC@eyJkeW5hbWljIjp0cnVlLCJjb250ZW50IjoicG9zdF9saW5rX3VybF9wcm9kdWN0cyIsInNldHRpbmdzIjp7InBvc3RfaWQiOiIzNTA4In19@\u00bb image=\u00bbhttps:\/\/sedanamedical.com\/wp-content\/uploads\/2024\/11\/amg06_sedaconda-acds.png\u00bb alt=\u00bbsedaconda\u00bb image_icon_width=\u00bb300px\u00bb content_max_width=\u00bb100%\u00bb _builder_version=\u00bb4.27.0&#8243; _dynamic_attributes=\u00bburl\u00bb _module_preset=\u00bbdefault\u00bb header_font=\u00bb&#8211;et_global_heading_font|||on|||||\u00bb header_text_align=\u00bbcenter\u00bb header_text_color=\u00bb#009ee6&#8243; header_font_size=\u00bb22px\u00bb header_letter_spacing=\u00bb0.05rem\u00bb body_font=\u00bb&#8211;et_global_heading_font||||||||\u00bb body_text_align=\u00bbcenter\u00bb body_text_color=\u00bb#686868&#8243; body_font_size=\u00bb18px\u00bb body_letter_spacing=\u00bb0.02rem\u00bb body_line_height=\u00bb1.5em\u00bb custom_margin=\u00bb||||false|false\u00bb custom_padding=\u00bb||10px||false|false\u00bb animation=\u00bboff\u00bb border_radii=\u00bbon|6px|6px|6px|6px\u00bb global_colors_info=\u00bb{}\u00bb header_text_color__hover_enabled=\u00bbon|hover\u00bb header_text_color__hover=\u00bb#981e97&#8243; image_icon_width_phone=\u00bb100%\u00bb image_icon_width_last_edited=\u00bbon|phone\u00bb header_font_size_tablet=\u00bb18px\u00bb header_font_size_last_edited=\u00bbon|desktop\u00bb background_enable_color=\u00bboff\u00bb background__hover_enabled=\u00bbon|desktop\u00bb image_icon_width_tablet=\u00bb300px\u00bb header_font_size_phone=\u00bb18px\u00bb]<\/p>\n<p>El Monitor de Gases AMG-06 est\u00e1 dise\u00f1ado para la monitorizaci\u00f3n continua y no invasiva de la corriente&#8230;<\/p>\n<p>[\/et_pb_blurb][\/et_pb_column][et_pb_column type=\u00bb1_2&#8243; _builder_version=\u00bb4.27.0&#8243; _module_preset=\u00bbdefault\u00bb background_enable_color=\u00bboff\u00bb custom_padding=\u00bb30px|30px|30px|30px|false|false\u00bb border_radii=\u00bbon|6px|6px|6px|6px\u00bb global_colors_info=\u00bb{}\u00bb background__hover_enabled=\u00bbon|hover\u00bb background_color__hover=\u00bb#FFFFFF\u00bb background_enable_color__hover=\u00bbon\u00bb][\/et_pb_column][\/et_pb_row][\/et_pb_section]<\/p>\n","protected":false},"excerpt":{"rendered":"<p>Mejorar la vida durante y despu\u00e9s de la sedaci\u00f3nEl monitor de gases AMG-06 est\u00e1 dise\u00f1ado para la monitorizaci\u00f3n continua y no invasiva de la concentraci\u00f3n de CO2 y anest\u00e9sicos en los gases inspirados y espirados.El Monitor de Gases AMG-06 est\u00e1 dise\u00f1ado para la monitorizaci\u00f3n continua y no invasiva de la corriente&#8230;<\/p>\n","protected":false},"author":249802924,"featured_media":0,"parent":0,"menu_order":0,"comment_status":"closed","ping_status":"closed","template":"","meta":{"_acf_changed":false,"_et_pb_use_builder":"on","_et_pb_old_content":"","_et_gb_content_width":"","_crdt_document":"","footnotes":""},"dipi_cpt_category":[],"class_list":["post-5879","page","type-page","status-publish","hentry"],"acf":[],"yoast_head":"<!-- This site is optimized with the Yoast SEO plugin v27.6 - https:\/\/yoast.com\/product\/yoast-seo-wordpress\/ -->\n<title>Equipo de monitorizaci\u00f3n de gases - Sedana Medical<\/title>\n<meta name=\"robots\" content=\"index, follow, max-snippet:-1, max-image-preview:large, max-video-preview:-1\" \/>\n<link rel=\"canonical\" href=\"https:\/\/sedanamedical.com\/es\/equipo-de-monitorizacion-de-gases\/\" \/>\n<meta property=\"og:locale\" content=\"es_ES\" \/>\n<meta property=\"og:type\" content=\"article\" \/>\n<meta property=\"og:title\" content=\"Equipo de monitorizaci\u00f3n de gases - Sedana Medical\" \/>\n<meta property=\"og:description\" content=\"Mejorar la vida durante y despu\u00e9s de la sedaci\u00f3nEl monitor de gases AMG-06 est\u00e1 dise\u00f1ado para la monitorizaci\u00f3n continua y no invasiva de la concentraci\u00f3n de CO2 y anest\u00e9sicos en los gases inspirados y espirados.El Monitor de Gases AMG-06 est\u00e1 dise\u00f1ado para la monitorizaci\u00f3n continua y no invasiva de la corriente...\" \/>\n<meta property=\"og:url\" content=\"https:\/\/sedanamedical.com\/es\/equipo-de-monitorizacion-de-gases\/\" \/>\n<meta property=\"og:site_name\" content=\"Sedana Medical\" \/>\n<meta property=\"article:modified_time\" content=\"2024-12-10T14:09:16+00:00\" \/>\n<meta name=\"twitter:card\" content=\"summary_large_image\" \/>\n<meta name=\"twitter:label1\" content=\"Tiempo de lectura\" \/>\n\t<meta name=\"twitter:data1\" content=\"6 minutos\" \/>\n<script type=\"application\/ld+json\" class=\"yoast-schema-graph\">{\"@context\":\"https:\\\/\\\/schema.org\",\"@graph\":[{\"@type\":\"WebPage\",\"@id\":\"https:\\\/\\\/sedanamedical.com\\\/es\\\/equipo-de-monitorizacion-de-gases\\\/\",\"url\":\"https:\\\/\\\/sedanamedical.com\\\/es\\\/equipo-de-monitorizacion-de-gases\\\/\",\"name\":\"Equipo de monitorizaci\u00f3n de gases - Sedana Medical\",\"isPartOf\":{\"@id\":\"https:\\\/\\\/sedanamedical.com\\\/#website\"},\"datePublished\":\"2024-11-28T06:03:35+00:00\",\"dateModified\":\"2024-12-10T14:09:16+00:00\",\"breadcrumb\":{\"@id\":\"https:\\\/\\\/sedanamedical.com\\\/es\\\/equipo-de-monitorizacion-de-gases\\\/#breadcrumb\"},\"inLanguage\":\"es\",\"potentialAction\":[{\"@type\":\"ReadAction\",\"target\":[\"https:\\\/\\\/sedanamedical.com\\\/es\\\/equipo-de-monitorizacion-de-gases\\\/\"]}]},{\"@type\":\"BreadcrumbList\",\"@id\":\"https:\\\/\\\/sedanamedical.com\\\/es\\\/equipo-de-monitorizacion-de-gases\\\/#breadcrumb\",\"itemListElement\":[{\"@type\":\"ListItem\",\"position\":1,\"name\":\"Home\",\"item\":\"https:\\\/\\\/sedanamedical.com\\\/\"},{\"@type\":\"ListItem\",\"position\":2,\"name\":\"Equipo de monitorizaci\u00f3n de gases\"}]},{\"@type\":\"WebSite\",\"@id\":\"https:\\\/\\\/sedanamedical.com\\\/#website\",\"url\":\"https:\\\/\\\/sedanamedical.com\\\/\",\"name\":\"Sedana Medical\",\"description\":\"Inhaled Sedation\",\"potentialAction\":[{\"@type\":\"SearchAction\",\"target\":{\"@type\":\"EntryPoint\",\"urlTemplate\":\"https:\\\/\\\/sedanamedical.com\\\/?s={search_term_string}\"},\"query-input\":{\"@type\":\"PropertyValueSpecification\",\"valueRequired\":true,\"valueName\":\"search_term_string\"}}],\"inLanguage\":\"es\"}]}<\/script>\n<!-- \/ Yoast SEO plugin. -->","yoast_head_json":{"title":"Equipo de monitorizaci\u00f3n de gases - Sedana Medical","robots":{"index":"index","follow":"follow","max-snippet":"max-snippet:-1","max-image-preview":"max-image-preview:large","max-video-preview":"max-video-preview:-1"},"canonical":"https:\/\/sedanamedical.com\/es\/equipo-de-monitorizacion-de-gases\/","og_locale":"es_ES","og_type":"article","og_title":"Equipo de monitorizaci\u00f3n de gases - Sedana Medical","og_description":"Mejorar la vida durante y despu\u00e9s de la sedaci\u00f3nEl monitor de gases AMG-06 est\u00e1 dise\u00f1ado para la monitorizaci\u00f3n continua y no invasiva de la concentraci\u00f3n de CO2 y anest\u00e9sicos en los gases inspirados y espirados.El Monitor de Gases AMG-06 est\u00e1 dise\u00f1ado para la monitorizaci\u00f3n continua y no invasiva de la corriente...","og_url":"https:\/\/sedanamedical.com\/es\/equipo-de-monitorizacion-de-gases\/","og_site_name":"Sedana Medical","article_modified_time":"2024-12-10T14:09:16+00:00","twitter_card":"summary_large_image","twitter_misc":{"Tiempo de lectura":"6 minutos"},"schema":{"@context":"https:\/\/schema.org","@graph":[{"@type":"WebPage","@id":"https:\/\/sedanamedical.com\/es\/equipo-de-monitorizacion-de-gases\/","url":"https:\/\/sedanamedical.com\/es\/equipo-de-monitorizacion-de-gases\/","name":"Equipo de monitorizaci\u00f3n de gases - Sedana Medical","isPartOf":{"@id":"https:\/\/sedanamedical.com\/#website"},"datePublished":"2024-11-28T06:03:35+00:00","dateModified":"2024-12-10T14:09:16+00:00","breadcrumb":{"@id":"https:\/\/sedanamedical.com\/es\/equipo-de-monitorizacion-de-gases\/#breadcrumb"},"inLanguage":"es","potentialAction":[{"@type":"ReadAction","target":["https:\/\/sedanamedical.com\/es\/equipo-de-monitorizacion-de-gases\/"]}]},{"@type":"BreadcrumbList","@id":"https:\/\/sedanamedical.com\/es\/equipo-de-monitorizacion-de-gases\/#breadcrumb","itemListElement":[{"@type":"ListItem","position":1,"name":"Home","item":"https:\/\/sedanamedical.com\/"},{"@type":"ListItem","position":2,"name":"Equipo de monitorizaci\u00f3n de gases"}]},{"@type":"WebSite","@id":"https:\/\/sedanamedical.com\/#website","url":"https:\/\/sedanamedical.com\/","name":"Sedana Medical","description":"Inhaled Sedation","potentialAction":[{"@type":"SearchAction","target":{"@type":"EntryPoint","urlTemplate":"https:\/\/sedanamedical.com\/?s={search_term_string}"},"query-input":{"@type":"PropertyValueSpecification","valueRequired":true,"valueName":"search_term_string"}}],"inLanguage":"es"}]}},"jetpack_likes_enabled":true,"jetpack_shortlink":"https:\/\/wp.me\/PfIDHR-1wP","jetpack-related-posts":[],"jetpack_sharing_enabled":true,"_links":{"self":[{"href":"https:\/\/sedanamedical.com\/es\/wp-json\/wp\/v2\/pages\/5879","targetHints":{"allow":["GET"]}}],"collection":[{"href":"https:\/\/sedanamedical.com\/es\/wp-json\/wp\/v2\/pages"}],"about":[{"href":"https:\/\/sedanamedical.com\/es\/wp-json\/wp\/v2\/types\/page"}],"author":[{"embeddable":true,"href":"https:\/\/sedanamedical.com\/es\/wp-json\/wp\/v2\/users\/249802924"}],"replies":[{"embeddable":true,"href":"https:\/\/sedanamedical.com\/es\/wp-json\/wp\/v2\/comments?post=5879"}],"version-history":[{"count":9,"href":"https:\/\/sedanamedical.com\/es\/wp-json\/wp\/v2\/pages\/5879\/revisions"}],"predecessor-version":[{"id":5920,"href":"https:\/\/sedanamedical.com\/es\/wp-json\/wp\/v2\/pages\/5879\/revisions\/5920"}],"wp:attachment":[{"href":"https:\/\/sedanamedical.com\/es\/wp-json\/wp\/v2\/media?parent=5879"}],"wp:term":[{"taxonomy":"dipi_cpt_category","embeddable":true,"href":"https:\/\/sedanamedical.com\/es\/wp-json\/wp\/v2\/dipi_cpt_category?post=5879"}],"curies":[{"name":"wp","href":"https:\/\/api.w.org\/{rel}","templated":true}]}}