{"id":5730,"date":"2024-11-28T07:03:35","date_gmt":"2024-11-28T06:03:35","guid":{"rendered":"https:\/\/sedanamedical.com\/gas-ueberwachungsgeraete\/"},"modified":"2024-12-10T14:49:30","modified_gmt":"2024-12-10T13:49:30","slug":"gas-ueberwachungsgeraete","status":"publish","type":"page","link":"https:\/\/sedanamedical.com\/de\/gas-ueberwachungsgeraete\/","title":{"rendered":"Gas-\u00dcberwachungsger\u00e4te"},"content":{"rendered":"<p>[et_pb_section fb_built=&#8220;1&#8243; custom_padding_last_edited=&#8220;on|desktop&#8220; admin_label=&#8220;Hero Section&#8220; module_class=&#8220;hero-section&#8220; _builder_version=&#8220;4.27.0&#8243; _module_preset=&#8220;default&#8220; background_color=&#8220;#002145&#8243; background_image=&#8220;<a href=\"https:\/\/sedanamedical.com\/wp-content\/uploads\/2024\/11\/Bedside_v3_Highres.jpg&#038;#8220\">https:\/\/sedanamedical.com\/wp-content\/uploads\/2024\/11\/Bedside_v3_Highres.jpg&#038;#8220<\/a>; background_blend=&#8220;soft-light&#8220; custom_padding=&#8220;120px|20px|120px|20px|false|true&#8220; custom_padding_tablet=&#8220;120px|20px|120px|20px|false|true&#8220; custom_padding_phone=&#8220;80px||80px||true|true&#8220; da_disable_devices=&#8220;off|off|off&#8220; locked=&#8220;off&#8220; collapsed=&#8220;off&#8220; global_colors_info=&#8220;{}&#8220; da_is_popup=&#8220;off&#8220; da_exit_intent=&#8220;off&#8220; da_has_close=&#8220;on&#8220; da_alt_close=&#8220;off&#8220; da_dark_close=&#8220;off&#8220; da_not_modal=&#8220;on&#8220; da_is_singular=&#8220;off&#8220; da_with_loader=&#8220;off&#8220; da_has_shadow=&#8220;on&#8220;][et_pb_row _builder_version=&#8220;4.27.0&#8243; _module_preset=&#8220;default&#8220; width=&#8220;100%&#8220; width_tablet=&#8220;100%&#8220; width_phone=&#8220;100%&#8220; width_last_edited=&#8220;on|desktop&#8220; max_width=&#8220;1296px&#8220; max_width_tablet=&#8220;100%&#8220; max_width_phone=&#8220;100%&#8220; max_width_last_edited=&#8220;on|desktop&#8220; custom_padding=&#8220;0px||0px|||&#8220; collapsed=&#8220;off&#8220; global_colors_info=&#8220;{}&#8220;][et_pb_column type=&#8220;4_4&#8243; _builder_version=&#8220;4.27.0&#8243; _module_preset=&#8220;default&#8220; custom_padding=&#8220;||||false|false&#8220; global_colors_info=&#8220;{}&#8220;][et_pb_text _builder_version=&#8220;4.27.0&#8243; _module_preset=&#8220;default&#8220; text_font=&#8220;Sofia Pro Light|300||on|||||&#8220; text_text_color=&#8220;#6bc4e9&#8243; text_font_size=&#8220;20px&#8220; text_line_height=&#8220;30px&#8220; text_orientation=&#8220;center&#8220; max_width=&#8220;70%&#8220; max_width_tablet=&#8220;100%&#8220; max_width_phone=&#8220;100%&#8220; max_width_last_edited=&#8220;on|phone&#8220; module_alignment=&#8220;center&#8220; custom_margin=&#8220;||15px||false|false&#8220; text_font_size_tablet=&#8220;18px&#8220; text_font_size_phone=&#8220;16px&#8220; text_font_size_last_edited=&#8220;on|desktop&#8220; text_line_height_tablet=&#8220;28px&#8220; text_line_height_phone=&#8220;28px&#8220; text_line_height_last_edited=&#8220;on|tablet&#8220; global_colors_info=&#8220;{}&#8220;]<\/p>\n<p>Das Leben w\u00e4hrend und nach der Sedierung verbessern<\/p>\n<p>[\/et_pb_text][et_pb_heading title=&#8220;Gas-\u00dcberwachungsger\u00e4te&#8220; admin_label=&#8220;Heading&#8220; _builder_version=&#8220;4.27.0&#8243; _module_preset=&#8220;default&#8220; title_font=&#8220;Sofia Pro Regular|600||on|||||&#8220; title_text_align=&#8220;center&#8220; title_font_size=&#8220;60px&#8220; title_line_height=&#8220;70px&#8220; custom_margin=&#8220;||10px||false|false&#8220; title_font_size_tablet=&#8220;40px&#8220; title_font_size_phone=&#8220;36px&#8220; title_font_size_last_edited=&#8220;on|desktop&#8220; title_line_height_tablet=&#8220;50px&#8220; title_line_height_phone=&#8220;46px&#8220; title_line_height_last_edited=&#8220;on|desktop&#8220; global_colors_info=&#8220;{}&#8220;][\/et_pb_heading][et_pb_icon font_icon=&#8220;&#x22;||divi||400&#8243; icon_color=&#8220;#ffffff&#8220; icon_width=&#8220;30px&#8220; _builder_version=&#8220;4.27.0&#8243; _module_preset=&#8220;default&#8220; animation_style=&#8220;slide&#8220; animation_direction=&#8220;top&#8220; animation_repeat=&#8220;loop&#8220; global_colors_info=&#8220;{}&#8220;][\/et_pb_icon][\/et_pb_column][\/et_pb_row][\/et_pb_section][et_pb_section fb_built=&#8220;1&#8243; custom_padding_last_edited=&#8220;on|desktop&#8220; _builder_version=&#8220;4.27.0&#8243; _module_preset=&#8220;default&#8220; background_color=&#8220;#f8f8f8&#8243; background_enable_image=&#8220;off&#8220; background_blend=&#8220;luminosity&#8220; custom_padding=&#8220;100px|20px|100px|20px|true|true&#8220; custom_padding_tablet=&#8220;70px||70px||true|false&#8220; custom_padding_phone=&#8220;50px||20px||false|false&#8220; da_disable_devices=&#8220;off|off|off&#8220; global_colors_info=&#8220;{}&#8220; da_is_popup=&#8220;off&#8220; da_exit_intent=&#8220;off&#8220; da_has_close=&#8220;on&#8220; da_alt_close=&#8220;off&#8220; da_dark_close=&#8220;off&#8220; da_not_modal=&#8220;on&#8220; da_is_singular=&#8220;off&#8220; da_with_loader=&#8220;off&#8220; da_has_shadow=&#8220;on&#8220;][et_pb_row column_structure=&#8220;1_2,1_2&#8243; _builder_version=&#8220;4.27.0&#8243; _module_preset=&#8220;default&#8220; width=&#8220;100%&#8220; max_width=&#8220;1296px&#8220; custom_padding=&#8220;0px||||false|false&#8220; global_colors_info=&#8220;{}&#8220;][et_pb_column type=&#8220;1_2&#8243; _builder_version=&#8220;4.27.0&#8243; _module_preset=&#8220;default&#8220; custom_padding=&#8220;20px|20px|20px|20px|false|false&#8220; border_radii=&#8220;on|4px|4px|4px|4px&#8220; border_width_all=&#8220;1px&#8220; border_color_all=&#8220;rgba(102,102,102,0.18)&#8220; global_colors_info=&#8220;{}&#8220;][et_pb_image src=&#8220;<a href=\"https:\/\/sedanamedical.com\/wp-content\/uploads\/2024\/11\/amg06_sedaconda-acds.png&#038;#8220\">https:\/\/sedanamedical.com\/wp-content\/uploads\/2024\/11\/amg06_sedaconda-acds.png&#038;#8220<\/a>; alt=&#8220;sedaconda&#8220; title_text=&#8220;amg06_sedaconda-acds&#8220; _builder_version=&#8220;4.27.0&#8243; _module_preset=&#8220;default&#8220; module_alignment=&#8220;center&#8220; custom_padding=&#8220;||||false|false&#8220; border_radii=&#8220;on|4px|4px|4px|4px&#8220; border_width_all=&#8220;1px&#8220; border_color_all=&#8220;#000000&#8243; border_style_all=&#8220;none&#8220; global_colors_info=&#8220;{}&#8220;][\/et_pb_image][\/et_pb_column][et_pb_column type=&#8220;1_2&#8243; _builder_version=&#8220;4.27.0&#8243; _module_preset=&#8220;default&#8220; global_colors_info=&#8220;{}&#8220;][et_pb_heading title=&#8220;Gas-\u00dcberwachungsger\u00e4te&#8220; _builder_version=&#8220;4.27.0&#8243; _module_preset=&#8220;default&#8220; title_level=&#8220;h2&#8243; title_font=&#8220;&#8211;et_global_heading_font|||on|||||&#8220; title_text_color=&#8220;#009ee6&#8243; title_font_size=&#8220;36px&#8220; title_letter_spacing=&#8220;0.05rem&#8220; title_line_height=&#8220;1.4em&#8220; title_font_size_tablet=&#8220;30px&#8220; title_font_size_phone=&#8220;26px&#8220; title_font_size_last_edited=&#8220;on|desktop&#8220; global_colors_info=&#8220;{}&#8220;][\/et_pb_heading][et_pb_text _builder_version=&#8220;4.27.0&#8243; _module_preset=&#8220;default&#8220; text_font=&#8220;&#8211;et_global_heading_font||||||||&#8220; text_text_color=&#8220;gcid-body-color&#8220; text_font_size=&#8220;22px&#8220; text_letter_spacing=&#8220;0.05rem&#8220; text_line_height=&#8220;1.8em&#8220; hover_enabled=&#8220;0&#8243; global_colors_info=&#8220;{%22gcid-body-color%22:%91%22text_text_color%22%93}&#8220; text_font_size_last_edited=&#8220;on|phone&#8220; sticky_enabled=&#8220;0&#8243; text_font_size_tablet=&#8220;18px&#8220; text_font_size_phone=&#8220;16px&#8220;]<\/p>\n<p>Der AMG-06 Gasmonitor ist f\u00fcr die kontinuierliche, nicht-invasive \u00dcberwachung der CO2- und An\u00e4sthetika-Konzentration in inspirierten und ausgeatmeten Gasen vorgesehen.<\/p>\n<p>[\/et_pb_text][\/et_pb_column][\/et_pb_row][et_pb_row column_structure=&#8220;1_2,1_2&#8243; use_custom_gutter=&#8220;on&#8220; gutter_width=&#8220;2&#8243; _builder_version=&#8220;4.27.0&#8243; _module_preset=&#8220;default&#8220; width=&#8220;100%&#8220; max_width=&#8220;1296px&#8220; custom_padding=&#8220;40px||0px||false|false&#8220; hover_enabled=&#8220;0&#8243; global_colors_info=&#8220;{}&#8220; sticky_enabled=&#8220;0&#8243; custom_padding_last_edited=&#8220;on|phone&#8220; custom_padding_tablet=&#8220;20px||0px||false|false&#8220; custom_padding_phone=&#8220;10px||||false|false&#8220;][et_pb_column type=&#8220;1_2&#8243; _builder_version=&#8220;4.27.0&#8243; _module_preset=&#8220;default&#8220; background_color=&#8220;#FFFFFF&#8220; custom_padding=&#8220;30px|30px|30px|30px|false|false&#8220; border_radii=&#8220;on|6px|6px|6px|6px&#8220; global_colors_info=&#8220;{}&#8220; background__hover_enabled=&#8220;on|hover&#8220; background_color__hover=&#8220;#FFFFFF&#8220; background_enable_color__hover=&#8220;on&#8220;][et_pb_blurb title=&#8220;AMG-06 Gaswarnger\u00e4t&#8220; url=&#8220;@ET-DC@eyJkeW5hbWljIjp0cnVlLCJjb250ZW50IjoicG9zdF9saW5rX3VybF9wcm9kdWN0cyIsInNldHRpbmdzIjp7InBvc3RfaWQiOiIzNTA4In19@&#8220; image=&#8220;<a href=\"https:\/\/sedanamedical.com\/wp-content\/uploads\/2024\/11\/amg06_sedaconda-acds.png&#038;#8220\">https:\/\/sedanamedical.com\/wp-content\/uploads\/2024\/11\/amg06_sedaconda-acds.png&#038;#8220<\/a>; alt=&#8220;sedaconda&#8220; image_icon_width=&#8220;300px&#8220; content_max_width=&#8220;100%&#8220; _builder_version=&#8220;4.27.0&#8243; _dynamic_attributes=&#8220;url&#8220; _module_preset=&#8220;default&#8220; header_font=&#8220;&#8211;et_global_heading_font|||on|||||&#8220; header_text_align=&#8220;center&#8220; header_text_color=&#8220;#009ee6&#8243; header_font_size=&#8220;22px&#8220; header_letter_spacing=&#8220;0.05rem&#8220; body_font=&#8220;&#8211;et_global_heading_font||||||||&#8220; body_text_align=&#8220;center&#8220; body_text_color=&#8220;#686868&#8243; body_font_size=&#8220;18px&#8220; body_letter_spacing=&#8220;0.02rem&#8220; body_line_height=&#8220;1.5em&#8220; custom_margin=&#8220;||||false|false&#8220; custom_padding=&#8220;||10px||false|false&#8220; animation=&#8220;off&#8220; border_radii=&#8220;on|6px|6px|6px|6px&#8220; global_colors_info=&#8220;{}&#8220; header_text_color__hover_enabled=&#8220;on|hover&#8220; header_text_color__hover=&#8220;#981e97&#8243; image_icon_width_phone=&#8220;100%&#8220; image_icon_width_last_edited=&#8220;on|phone&#8220; header_font_size_tablet=&#8220;18px&#8220; header_font_size_last_edited=&#8220;on|desktop&#8220; background_enable_color=&#8220;off&#8220; background__hover_enabled=&#8220;on|desktop&#8220; image_icon_width_tablet=&#8220;300px&#8220; header_font_size_phone=&#8220;18px&#8220;]<\/p>\n<p>Der AMG-06 Gasmonitor ist f\u00fcr die kontinuierliche, nicht-invasive \u00dcberwachung von CO2 und An\u00e4sthetika&#8230;<\/p>\n<p>[\/et_pb_blurb][\/et_pb_column][et_pb_column type=&#8220;1_2&#8243; _builder_version=&#8220;4.27.0&#8243; _module_preset=&#8220;default&#8220; background_enable_color=&#8220;off&#8220; custom_padding=&#8220;30px|30px|30px|30px|false|false&#8220; border_radii=&#8220;on|6px|6px|6px|6px&#8220; global_colors_info=&#8220;{}&#8220; background__hover_enabled=&#8220;on|hover&#8220; background_color__hover=&#8220;#FFFFFF&#8220; background_enable_color__hover=&#8220;on&#8220;][\/et_pb_column][\/et_pb_row][\/et_pb_section]<\/p>\n","protected":false},"excerpt":{"rendered":"<p>Das Leben w\u00e4hrend und nach der Sedierung verbessernDer AMG-06 Gasmonitor ist f\u00fcr die kontinuierliche, nicht-invasive \u00dcberwachung der CO2- und An\u00e4sthetika-Konzentration in inspirierten und ausgeatmeten Gasen vorgesehen.Der AMG-06 Gasmonitor ist f\u00fcr die kontinuierliche, nicht-invasive \u00dcberwachung von CO2 und An\u00e4sthetika&#8230;<\/p>\n","protected":false},"author":249802924,"featured_media":0,"parent":0,"menu_order":0,"comment_status":"closed","ping_status":"closed","template":"","meta":{"_acf_changed":false,"_et_pb_use_builder":"on","_et_pb_old_content":"","_et_gb_content_width":"","_crdt_document":"","footnotes":""},"dipi_cpt_category":[],"class_list":["post-5730","page","type-page","status-publish","hentry"],"acf":[],"yoast_head":"<!-- This site is optimized with the Yoast SEO plugin v27.6 - https:\/\/yoast.com\/product\/yoast-seo-wordpress\/ -->\n<title>Gas-\u00dcberwachungsger\u00e4te - Sedana Medical<\/title>\n<meta name=\"robots\" content=\"index, follow, max-snippet:-1, max-image-preview:large, max-video-preview:-1\" \/>\n<link rel=\"canonical\" href=\"https:\/\/sedanamedical.com\/de\/gas-ueberwachungsgeraete\/\" \/>\n<meta property=\"og:locale\" content=\"de_DE\" \/>\n<meta property=\"og:type\" content=\"article\" \/>\n<meta property=\"og:title\" content=\"Gas-\u00dcberwachungsger\u00e4te - Sedana Medical\" \/>\n<meta property=\"og:description\" content=\"Das Leben w\u00e4hrend und nach der Sedierung verbessernDer AMG-06 Gasmonitor ist f\u00fcr die kontinuierliche, nicht-invasive \u00dcberwachung der CO2- und An\u00e4sthetika-Konzentration in inspirierten und ausgeatmeten Gasen vorgesehen.Der AMG-06 Gasmonitor ist f\u00fcr die kontinuierliche, nicht-invasive \u00dcberwachung von CO2 und An\u00e4sthetika...\" \/>\n<meta property=\"og:url\" content=\"https:\/\/sedanamedical.com\/de\/gas-ueberwachungsgeraete\/\" \/>\n<meta property=\"og:site_name\" content=\"Sedana Medical\" \/>\n<meta property=\"article:modified_time\" content=\"2024-12-10T13:49:30+00:00\" \/>\n<meta name=\"twitter:card\" content=\"summary_large_image\" \/>\n<meta name=\"twitter:label1\" content=\"Gesch\u00e4tzte Lesezeit\" \/>\n\t<meta name=\"twitter:data1\" content=\"6\u00a0Minuten\" \/>\n<script type=\"application\/ld+json\" class=\"yoast-schema-graph\">{\"@context\":\"https:\\\/\\\/schema.org\",\"@graph\":[{\"@type\":\"WebPage\",\"@id\":\"https:\\\/\\\/sedanamedical.com\\\/de\\\/gas-ueberwachungsgeraete\\\/\",\"url\":\"https:\\\/\\\/sedanamedical.com\\\/de\\\/gas-ueberwachungsgeraete\\\/\",\"name\":\"Gas-\u00dcberwachungsger\u00e4te - Sedana Medical\",\"isPartOf\":{\"@id\":\"https:\\\/\\\/sedanamedical.com\\\/#website\"},\"datePublished\":\"2024-11-28T06:03:35+00:00\",\"dateModified\":\"2024-12-10T13:49:30+00:00\",\"breadcrumb\":{\"@id\":\"https:\\\/\\\/sedanamedical.com\\\/de\\\/gas-ueberwachungsgeraete\\\/#breadcrumb\"},\"inLanguage\":\"de\",\"potentialAction\":[{\"@type\":\"ReadAction\",\"target\":[\"https:\\\/\\\/sedanamedical.com\\\/de\\\/gas-ueberwachungsgeraete\\\/\"]}]},{\"@type\":\"BreadcrumbList\",\"@id\":\"https:\\\/\\\/sedanamedical.com\\\/de\\\/gas-ueberwachungsgeraete\\\/#breadcrumb\",\"itemListElement\":[{\"@type\":\"ListItem\",\"position\":1,\"name\":\"Home\",\"item\":\"https:\\\/\\\/sedanamedical.com\\\/\"},{\"@type\":\"ListItem\",\"position\":2,\"name\":\"Gas-\u00dcberwachungsger\u00e4te\"}]},{\"@type\":\"WebSite\",\"@id\":\"https:\\\/\\\/sedanamedical.com\\\/#website\",\"url\":\"https:\\\/\\\/sedanamedical.com\\\/\",\"name\":\"Sedana Medical\",\"description\":\"Inhaled Sedation\",\"potentialAction\":[{\"@type\":\"SearchAction\",\"target\":{\"@type\":\"EntryPoint\",\"urlTemplate\":\"https:\\\/\\\/sedanamedical.com\\\/?s={search_term_string}\"},\"query-input\":{\"@type\":\"PropertyValueSpecification\",\"valueRequired\":true,\"valueName\":\"search_term_string\"}}],\"inLanguage\":\"de\"}]}<\/script>\n<!-- \/ Yoast SEO plugin. -->","yoast_head_json":{"title":"Gas-\u00dcberwachungsger\u00e4te - Sedana Medical","robots":{"index":"index","follow":"follow","max-snippet":"max-snippet:-1","max-image-preview":"max-image-preview:large","max-video-preview":"max-video-preview:-1"},"canonical":"https:\/\/sedanamedical.com\/de\/gas-ueberwachungsgeraete\/","og_locale":"de_DE","og_type":"article","og_title":"Gas-\u00dcberwachungsger\u00e4te - Sedana Medical","og_description":"Das Leben w\u00e4hrend und nach der Sedierung verbessernDer AMG-06 Gasmonitor ist f\u00fcr die kontinuierliche, nicht-invasive \u00dcberwachung der CO2- und An\u00e4sthetika-Konzentration in inspirierten und ausgeatmeten Gasen vorgesehen.Der AMG-06 Gasmonitor ist f\u00fcr die kontinuierliche, nicht-invasive \u00dcberwachung von CO2 und An\u00e4sthetika...","og_url":"https:\/\/sedanamedical.com\/de\/gas-ueberwachungsgeraete\/","og_site_name":"Sedana Medical","article_modified_time":"2024-12-10T13:49:30+00:00","twitter_card":"summary_large_image","twitter_misc":{"Gesch\u00e4tzte Lesezeit":"6\u00a0Minuten"},"schema":{"@context":"https:\/\/schema.org","@graph":[{"@type":"WebPage","@id":"https:\/\/sedanamedical.com\/de\/gas-ueberwachungsgeraete\/","url":"https:\/\/sedanamedical.com\/de\/gas-ueberwachungsgeraete\/","name":"Gas-\u00dcberwachungsger\u00e4te - Sedana Medical","isPartOf":{"@id":"https:\/\/sedanamedical.com\/#website"},"datePublished":"2024-11-28T06:03:35+00:00","dateModified":"2024-12-10T13:49:30+00:00","breadcrumb":{"@id":"https:\/\/sedanamedical.com\/de\/gas-ueberwachungsgeraete\/#breadcrumb"},"inLanguage":"de","potentialAction":[{"@type":"ReadAction","target":["https:\/\/sedanamedical.com\/de\/gas-ueberwachungsgeraete\/"]}]},{"@type":"BreadcrumbList","@id":"https:\/\/sedanamedical.com\/de\/gas-ueberwachungsgeraete\/#breadcrumb","itemListElement":[{"@type":"ListItem","position":1,"name":"Home","item":"https:\/\/sedanamedical.com\/"},{"@type":"ListItem","position":2,"name":"Gas-\u00dcberwachungsger\u00e4te"}]},{"@type":"WebSite","@id":"https:\/\/sedanamedical.com\/#website","url":"https:\/\/sedanamedical.com\/","name":"Sedana Medical","description":"Inhaled Sedation","potentialAction":[{"@type":"SearchAction","target":{"@type":"EntryPoint","urlTemplate":"https:\/\/sedanamedical.com\/?s={search_term_string}"},"query-input":{"@type":"PropertyValueSpecification","valueRequired":true,"valueName":"search_term_string"}}],"inLanguage":"de"}]}},"jetpack_likes_enabled":true,"jetpack_shortlink":"https:\/\/wp.me\/PfIDHR-1uq","jetpack-related-posts":[],"jetpack_sharing_enabled":true,"_links":{"self":[{"href":"https:\/\/sedanamedical.com\/de\/wp-json\/wp\/v2\/pages\/5730","targetHints":{"allow":["GET"]}}],"collection":[{"href":"https:\/\/sedanamedical.com\/de\/wp-json\/wp\/v2\/pages"}],"about":[{"href":"https:\/\/sedanamedical.com\/de\/wp-json\/wp\/v2\/types\/page"}],"author":[{"embeddable":true,"href":"https:\/\/sedanamedical.com\/de\/wp-json\/wp\/v2\/users\/249802924"}],"replies":[{"embeddable":true,"href":"https:\/\/sedanamedical.com\/de\/wp-json\/wp\/v2\/comments?post=5730"}],"version-history":[{"count":11,"href":"https:\/\/sedanamedical.com\/de\/wp-json\/wp\/v2\/pages\/5730\/revisions"}],"predecessor-version":[{"id":5752,"href":"https:\/\/sedanamedical.com\/de\/wp-json\/wp\/v2\/pages\/5730\/revisions\/5752"}],"wp:attachment":[{"href":"https:\/\/sedanamedical.com\/de\/wp-json\/wp\/v2\/media?parent=5730"}],"wp:term":[{"taxonomy":"dipi_cpt_category","embeddable":true,"href":"https:\/\/sedanamedical.com\/de\/wp-json\/wp\/v2\/dipi_cpt_category?post=5730"}],"curies":[{"name":"wp","href":"https:\/\/api.w.org\/{rel}","templated":true}]}}