{"id":15406,"date":"2025-05-07T13:12:18","date_gmt":"2025-05-07T11:12:18","guid":{"rendered":"https:\/\/sedanamedical.com\/impressum\/"},"modified":"2025-05-12T14:24:43","modified_gmt":"2025-05-12T12:24:43","slug":"impressum","status":"publish","type":"page","link":"https:\/\/sedanamedical.com\/de\/impressum\/","title":{"rendered":"Impressum"},"content":{"rendered":"<p>[et_pb_section fb_built=&#8220;1&#8243; admin_label=&#8220;Breadcrumb Section&#8220; _builder_version=&#8220;4.27.0&#8243; _module_preset=&#8220;default&#8220; background_color=&#8220;#f8f8f8&#8243; custom_padding=&#8220;15px|20px|15px|20px|false|false&#8220; da_disable_devices=&#8220;off|off|off&#8220; locked=&#8220;off&#8220; global_colors_info=&#8220;{}&#8220; da_is_popup=&#8220;off&#8220; da_exit_intent=&#8220;off&#8220; da_has_close=&#8220;on&#8220; da_alt_close=&#8220;off&#8220; da_dark_close=&#8220;off&#8220; da_not_modal=&#8220;on&#8220; da_is_singular=&#8220;off&#8220; da_with_loader=&#8220;off&#8220; da_has_shadow=&#8220;on&#8220;][et_pb_row _builder_version=&#8220;4.27.0&#8243; _module_preset=&#8220;default&#8220; width=&#8220;100%&#8220; width_tablet=&#8220;100%&#8220; width_phone=&#8220;100%&#8220; width_last_edited=&#8220;on|desktop&#8220; max_width=&#8220;1296px&#8220; custom_padding=&#8220;0px||0px||false|false&#8220; global_colors_info=&#8220;{}&#8220;][et_pb_column type=&#8220;4_4&#8243; _builder_version=&#8220;4.27.0&#8243; _module_preset=&#8220;default&#8220; global_colors_info=&#8220;{}&#8220;][et_pb_text ul_type=&#8220;none&#8220; admin_label=&#8220;Breadcrumb Menu&#8220; module_class=&#8220;breadcrumb-menu&#8220; _builder_version=&#8220;4.27.4&#8243; _module_preset=&#8220;default&#8220; text_font=&#8220;Sofia Pro Light|||on|||||&#8220; text_text_color=&#8220;#981e97&#8243; text_letter_spacing=&#8220;0.07rem&#8220; link_font=&#8220;Sofia Pro Light|||on|||||&#8220; link_text_color=&#8220;#002145&#8243; link_letter_spacing=&#8220;0.07rem&#8220; ul_font=&#8220;Sofia Pro Light||||||||&#8220; ul_text_align=&#8220;left&#8220; global_colors_info=&#8220;{}&#8220; link_text_color__hover_enabled=&#8220;on|hover&#8220; link_text_color__hover=&#8220;#009ee6&#8243;]<\/p>\n<ul>\n<li><a href=\"\/\">Startseite<\/a><\/li>\n<li class=\"active\">Impressum<\/li>\n<\/ul>\n<p>[\/et_pb_text][\/et_pb_column][\/et_pb_row][\/et_pb_section][et_pb_section fb_built=&#8220;1&#8243; admin_label=&#8220;Section&#8220; module_class=&#8220;custom-cookie-policy&#8220; _builder_version=&#8220;4.27.0&#8243; _module_preset=&#8220;default&#8220; background_color=&#8220;#f8f8f8&#8243; custom_padding=&#8220;|20px||20px|false|false&#8220; da_disable_devices=&#8220;off|off|off&#8220; global_colors_info=&#8220;{}&#8220; da_is_popup=&#8220;off&#8220; da_exit_intent=&#8220;off&#8220; da_has_close=&#8220;on&#8220; da_alt_close=&#8220;off&#8220; da_dark_close=&#8220;off&#8220; da_not_modal=&#8220;on&#8220; da_is_singular=&#8220;off&#8220; da_with_loader=&#8220;off&#8220; da_has_shadow=&#8220;on&#8220;][et_pb_row custom_padding_last_edited=&#8220;on|phone&#8220; _builder_version=&#8220;4.27.0&#8243; _module_preset=&#8220;default&#8220; width=&#8220;100%&#8220; width_tablet=&#8220;100%&#8220; width_phone=&#8220;100%&#8220; width_last_edited=&#8220;on|desktop&#8220; max_width=&#8220;990px&#8220; custom_padding_tablet=&#8220;0px||0px||true|false&#8220; custom_padding_phone=&#8220;0px||0px||true|false&#8220; collapsed=&#8220;off&#8220; global_colors_info=&#8220;{}&#8220;][et_pb_column type=&#8220;4_4&#8243; _builder_version=&#8220;4.27.0&#8243; _module_preset=&#8220;default&#8220; global_colors_info=&#8220;{}&#8220;][et_pb_heading title=&#8220;Impressum&#8220; _builder_version=&#8220;4.27.4&#8243; _module_preset=&#8220;default&#8220; title_font=&#8220;Sofiapro-light Final|300||on|||||&#8220; title_text_color=&#8220;#009ee6&#8243; title_font_size=&#8220;28px&#8220; title_letter_spacing=&#8220;0.05rem&#8220; title_line_height=&#8220;28px&#8220; title_font_size_tablet=&#8220;24px&#8220; title_font_size_phone=&#8220;22px&#8220; title_font_size_last_edited=&#8220;on|phone&#8220; title_line_height_tablet=&#8220;1em&#8220; title_line_height_phone=&#8220;1em&#8220; title_line_height_last_edited=&#8220;on|desktop&#8220; global_colors_info=&#8220;{}&#8220;][\/et_pb_heading][et_pb_text module_class=&#8220;privacy_heading&#8220; _builder_version=&#8220;4.27.4&#8243; _module_preset=&#8220;default&#8220; text_font=&#8220;Sofia Pro Light|300|||||||&#8220; text_text_color=&#8220;#666666&#8243; text_font_size=&#8220;18px&#8220; text_letter_spacing=&#8220;0.03rem&#8220; text_line_height=&#8220;28px&#8220; header_font=&#8220;Sofia Pro Light|300|||||||&#8220; header_font_size=&#8220;18px&#8220; header_line_height=&#8220;28px&#8220; header_2_font=&#8220;Sofia Pro Light||||||||&#8220; header_2_font_size=&#8220;22px&#8220; header_2_line_height=&#8220;32px&#8220; header_4_font=&#8220;Sofiapro-light Final|300|||||||&#8220; header_4_font_size=&#8220;20px&#8220; header_4_line_height=&#8220;30px&#8220; header_5_line_height=&#8220;26px&#8220; text_font_size_tablet=&#8220;16px&#8220; text_font_size_phone=&#8220;16px&#8220; text_font_size_last_edited=&#8220;on|phone&#8220; header_font_size_tablet=&#8220;18px&#8220; header_font_size_phone=&#8220;16px&#8220; header_font_size_last_edited=&#8220;on|phone&#8220; header_line_height_tablet=&#8220;28px&#8220; header_line_height_phone=&#8220;26px&#8220; header_line_height_last_edited=&#8220;on|phone&#8220; header_2_font_size_tablet=&#8220;22px&#8220; header_2_font_size_phone=&#8220;20px&#8220; header_2_font_size_last_edited=&#8220;on|phone&#8220; header_2_line_height_tablet=&#8220;32px&#8220; header_2_line_height_phone=&#8220;30px&#8220; header_2_line_height_last_edited=&#8220;on|phone&#8220; header_4_font_size_tablet=&#8220;20px&#8220; header_4_font_size_phone=&#8220;18px&#8220; header_4_font_size_last_edited=&#8220;on|phone&#8220; header_4_line_height_tablet=&#8220;30px&#8220; header_4_line_height_phone=&#8220;28px&#8220; header_4_line_height_last_edited=&#8220;on|desktop&#8220; header_5_font_size_tablet=&#8220;&#8220; header_5_font_size_phone=&#8220;&#8220; header_5_font_size_last_edited=&#8220;on|desktop&#8220; header_5_line_height_tablet=&#8220;26px&#8220; header_5_line_height_phone=&#8220;26px&#8220; header_5_line_height_last_edited=&#8220;on|phone&#8220; global_colors_info=&#8220;{}&#8220;]<\/p>\n<p>Sedana Medical Deutschland GmbH<br \/>B\u00fcrgermeister-Finsterwalder-Ring 25<br \/>82515 Wolfratshausen<br \/>Deutschland<\/p>\n<p><strong>Telefon:<\/strong> +49 (0) 8171 91 13 41<br \/><strong>Fax:<\/strong> +49 (0) 8171 91 00 72<br \/><strong>E-Mail:<\/strong> <a href=\"mailto:info@sedanamedical.com\">info@sedanamedical.com<\/a><\/p>\n<p><strong>Amtsgericht: <\/strong>M\u00fcnchen HRB 250 971<br \/><strong>USt-ID:<\/strong> DE325889974<strong><br \/>Gesch\u00e4ftsf\u00fchrer:<\/strong> Johannes Doll<\/p>\n<p>Alle Angaben unseres Internetangebots wurden gepr\u00fcft. Wir bem\u00fchen uns, dieses Informationsangebot stetig zu erweitern und zu aktualisieren. Eine Garantie f\u00fcr die Vollst\u00e4ndigkeit, Richtigkeit und letzte Aktualit\u00e4t kann jedoch nicht \u00fcbernommen werden.  <\/p>\n<p>[\/et_pb_text][\/et_pb_column][\/et_pb_row][\/et_pb_section]<\/p>\n","protected":false},"excerpt":{"rendered":"<p>Startseite Impressum Sedana Medical Deutschland GmbHB\u00fcrgermeister-Finsterwalder-Ring 2582515 WolfratshausenDeutschland Telefon: +49 (0) 8171 91 13 41Fax: +49 (0) 8171 91 00 72E-Mail: info@sedanamedical.com Amtsgericht: M\u00fcnchen HRB 250 971USt-ID: DE325889974Gesch\u00e4ftsf\u00fchrer: Johannes Doll Alle Angaben unseres Internetangebots wurden gepr\u00fcft. Wir bem\u00fchen uns, dieses Informationsangebot stetig zu erweitern und zu aktualisieren. Eine Garantie f\u00fcr die Vollst\u00e4ndigkeit, Richtigkeit und letzte [&hellip;]<\/p>\n","protected":false},"author":249802950,"featured_media":0,"parent":0,"menu_order":0,"comment_status":"closed","ping_status":"closed","template":"","meta":{"_acf_changed":false,"_et_pb_use_builder":"on","_et_pb_old_content":"","_et_gb_content_width":"","_crdt_document":"","footnotes":""},"dipi_cpt_category":[],"class_list":["post-15406","page","type-page","status-publish","hentry"],"acf":[],"yoast_head":"<!-- This site is optimized with the Yoast SEO plugin v27.5 - https:\/\/yoast.com\/product\/yoast-seo-wordpress\/ -->\n<title>Impressum - Sedana Medical<\/title>\n<meta name=\"robots\" content=\"index, follow, max-snippet:-1, max-image-preview:large, max-video-preview:-1\" \/>\n<link rel=\"canonical\" href=\"https:\/\/sedanamedical.com\/de\/impressum\/\" \/>\n<meta property=\"og:locale\" content=\"de_DE\" \/>\n<meta property=\"og:type\" content=\"article\" \/>\n<meta property=\"og:title\" content=\"Impressum - Sedana Medical\" \/>\n<meta property=\"og:description\" content=\"Startseite Impressum Sedana Medical Deutschland GmbHB\u00fcrgermeister-Finsterwalder-Ring 2582515 WolfratshausenDeutschland Telefon: +49 (0) 8171 91 13 41Fax: +49 (0) 8171 91 00 72E-Mail: info@sedanamedical.com Amtsgericht: M\u00fcnchen HRB 250 971USt-ID: DE325889974Gesch\u00e4ftsf\u00fchrer: Johannes Doll Alle Angaben unseres Internetangebots wurden gepr\u00fcft. Wir bem\u00fchen uns, dieses Informationsangebot stetig zu erweitern und zu aktualisieren. Eine Garantie f\u00fcr die Vollst\u00e4ndigkeit, Richtigkeit und letzte [&hellip;]\" \/>\n<meta property=\"og:url\" content=\"https:\/\/sedanamedical.com\/de\/impressum\/\" \/>\n<meta property=\"og:site_name\" content=\"Sedana Medical\" \/>\n<meta property=\"article:modified_time\" content=\"2025-05-12T12:24:43+00:00\" \/>\n<meta name=\"twitter:card\" content=\"summary_large_image\" \/>\n<meta name=\"twitter:label1\" content=\"Gesch\u00e4tzte Lesezeit\" \/>\n\t<meta name=\"twitter:data1\" content=\"3\u00a0Minuten\" \/>\n<script type=\"application\/ld+json\" class=\"yoast-schema-graph\">{\"@context\":\"https:\\\/\\\/schema.org\",\"@graph\":[{\"@type\":\"WebPage\",\"@id\":\"https:\\\/\\\/sedanamedical.com\\\/de\\\/impressum\\\/\",\"url\":\"https:\\\/\\\/sedanamedical.com\\\/de\\\/impressum\\\/\",\"name\":\"Impressum - Sedana Medical\",\"isPartOf\":{\"@id\":\"https:\\\/\\\/sedanamedical.com\\\/#website\"},\"datePublished\":\"2025-05-07T11:12:18+00:00\",\"dateModified\":\"2025-05-12T12:24:43+00:00\",\"breadcrumb\":{\"@id\":\"https:\\\/\\\/sedanamedical.com\\\/de\\\/impressum\\\/#breadcrumb\"},\"inLanguage\":\"de\",\"potentialAction\":[{\"@type\":\"ReadAction\",\"target\":[\"https:\\\/\\\/sedanamedical.com\\\/de\\\/impressum\\\/\"]}]},{\"@type\":\"BreadcrumbList\",\"@id\":\"https:\\\/\\\/sedanamedical.com\\\/de\\\/impressum\\\/#breadcrumb\",\"itemListElement\":[{\"@type\":\"ListItem\",\"position\":1,\"name\":\"Home\",\"item\":\"https:\\\/\\\/sedanamedical.com\\\/de\\\/startseite\\\/\"},{\"@type\":\"ListItem\",\"position\":2,\"name\":\"Impressum\"}]},{\"@type\":\"WebSite\",\"@id\":\"https:\\\/\\\/sedanamedical.com\\\/#website\",\"url\":\"https:\\\/\\\/sedanamedical.com\\\/\",\"name\":\"Sedana Medical\",\"description\":\"Inhaled Sedation\",\"potentialAction\":[{\"@type\":\"SearchAction\",\"target\":{\"@type\":\"EntryPoint\",\"urlTemplate\":\"https:\\\/\\\/sedanamedical.com\\\/?s={search_term_string}\"},\"query-input\":{\"@type\":\"PropertyValueSpecification\",\"valueRequired\":true,\"valueName\":\"search_term_string\"}}],\"inLanguage\":\"de\"}]}<\/script>\n<!-- \/ Yoast SEO plugin. -->","yoast_head_json":{"title":"Impressum - Sedana Medical","robots":{"index":"index","follow":"follow","max-snippet":"max-snippet:-1","max-image-preview":"max-image-preview:large","max-video-preview":"max-video-preview:-1"},"canonical":"https:\/\/sedanamedical.com\/de\/impressum\/","og_locale":"de_DE","og_type":"article","og_title":"Impressum - Sedana Medical","og_description":"Startseite Impressum Sedana Medical Deutschland GmbHB\u00fcrgermeister-Finsterwalder-Ring 2582515 WolfratshausenDeutschland Telefon: +49 (0) 8171 91 13 41Fax: +49 (0) 8171 91 00 72E-Mail: info@sedanamedical.com Amtsgericht: M\u00fcnchen HRB 250 971USt-ID: DE325889974Gesch\u00e4ftsf\u00fchrer: Johannes Doll Alle Angaben unseres Internetangebots wurden gepr\u00fcft. Wir bem\u00fchen uns, dieses Informationsangebot stetig zu erweitern und zu aktualisieren. Eine Garantie f\u00fcr die Vollst\u00e4ndigkeit, Richtigkeit und letzte [&hellip;]","og_url":"https:\/\/sedanamedical.com\/de\/impressum\/","og_site_name":"Sedana Medical","article_modified_time":"2025-05-12T12:24:43+00:00","twitter_card":"summary_large_image","twitter_misc":{"Gesch\u00e4tzte Lesezeit":"3\u00a0Minuten"},"schema":{"@context":"https:\/\/schema.org","@graph":[{"@type":"WebPage","@id":"https:\/\/sedanamedical.com\/de\/impressum\/","url":"https:\/\/sedanamedical.com\/de\/impressum\/","name":"Impressum - Sedana Medical","isPartOf":{"@id":"https:\/\/sedanamedical.com\/#website"},"datePublished":"2025-05-07T11:12:18+00:00","dateModified":"2025-05-12T12:24:43+00:00","breadcrumb":{"@id":"https:\/\/sedanamedical.com\/de\/impressum\/#breadcrumb"},"inLanguage":"de","potentialAction":[{"@type":"ReadAction","target":["https:\/\/sedanamedical.com\/de\/impressum\/"]}]},{"@type":"BreadcrumbList","@id":"https:\/\/sedanamedical.com\/de\/impressum\/#breadcrumb","itemListElement":[{"@type":"ListItem","position":1,"name":"Home","item":"https:\/\/sedanamedical.com\/de\/startseite\/"},{"@type":"ListItem","position":2,"name":"Impressum"}]},{"@type":"WebSite","@id":"https:\/\/sedanamedical.com\/#website","url":"https:\/\/sedanamedical.com\/","name":"Sedana Medical","description":"Inhaled Sedation","potentialAction":[{"@type":"SearchAction","target":{"@type":"EntryPoint","urlTemplate":"https:\/\/sedanamedical.com\/?s={search_term_string}"},"query-input":{"@type":"PropertyValueSpecification","valueRequired":true,"valueName":"search_term_string"}}],"inLanguage":"de"}]}},"jetpack_likes_enabled":true,"jetpack_shortlink":"https:\/\/wp.me\/PfIDHR-40u","jetpack-related-posts":[],"jetpack_sharing_enabled":true,"_links":{"self":[{"href":"https:\/\/sedanamedical.com\/de\/wp-json\/wp\/v2\/pages\/15406","targetHints":{"allow":["GET"]}}],"collection":[{"href":"https:\/\/sedanamedical.com\/de\/wp-json\/wp\/v2\/pages"}],"about":[{"href":"https:\/\/sedanamedical.com\/de\/wp-json\/wp\/v2\/types\/page"}],"author":[{"embeddable":true,"href":"https:\/\/sedanamedical.com\/de\/wp-json\/wp\/v2\/users\/249802950"}],"replies":[{"embeddable":true,"href":"https:\/\/sedanamedical.com\/de\/wp-json\/wp\/v2\/comments?post=15406"}],"version-history":[{"count":8,"href":"https:\/\/sedanamedical.com\/de\/wp-json\/wp\/v2\/pages\/15406\/revisions"}],"predecessor-version":[{"id":15415,"href":"https:\/\/sedanamedical.com\/de\/wp-json\/wp\/v2\/pages\/15406\/revisions\/15415"}],"wp:attachment":[{"href":"https:\/\/sedanamedical.com\/de\/wp-json\/wp\/v2\/media?parent=15406"}],"wp:term":[{"taxonomy":"dipi_cpt_category","embeddable":true,"href":"https:\/\/sedanamedical.com\/de\/wp-json\/wp\/v2\/dipi_cpt_category?post=15406"}],"curies":[{"name":"wp","href":"https:\/\/api.w.org\/{rel}","templated":true}]}}